{"id":2925,"date":"2018-11-19T08:58:00","date_gmt":"2018-11-19T08:58:00","guid":{"rendered":"https:\/\/colegiolopedevega.com\/?page_id=2925\/"},"modified":"2018-11-19T09:16:27","modified_gmt":"2018-11-19T09:16:27","slug":"location","status":"publish","type":"page","link":"https:\/\/colegiolopedevega.com\/en\/location\/","title":{"rendered":"Location"},"content":{"rendered":"<section class=\"wpb-content-wrapper\"><p>[vc_row][vc_column width=&#8221;1\/4&#8243;][vc_single_image image=&#8221;796&#8243; img_size=&#8221;full&#8221; css_animation=&#8221;appear&#8221;][\/vc_column][vc_column width=&#8221;3\/4&#8243;][vc_column_text]<\/p>\n<p style=\"text-align: left; font-size: 15px;\">12 Luis de Medina<br \/>\n28805<\/p>\n<p style=\"text-align: left; font-size: 15px;\">Alcal\u00e1 de Henares (Madrid)<\/p>\n<p style=\"text-align: left; font-size: 15px;\">Telephone: 91 889 38 79<br \/>\ne-mail: familias@colegiolopedevega.com<br \/>\nwww.colegiolopedevega.com<\/p>\n<p>[\/vc_column_text][vc_gmaps link=&#8221;#E-8_JTNDaWZyYW1lJTIwc3JjJTNEJTIyaHR0cHMlM0ElMkYlMkZ3d3cuZ29vZ2xlLmNvbSUyRm1hcHMlMkZlbWJlZCUzRnBiJTNEJTIxMW0xOCUyMTFtMTIlMjExbTMlMjExZDQyOTEuMTgyNzk3NTM2MDIxJTIxMmQtMy4zNTg1NDQ0MDc2MjAxNTIlMjEzZDQwLjQ5MDIwNzgyNjM0MTQ1JTIxMm0zJTIxMWYwJTIxMmYwJTIxM2YwJTIxM20yJTIxMWkxMDI0JTIxMmk3NjglMjE0ZjEzLjElMjEzbTMlMjExbTIlMjExczB4ZDQyNDk0MjI1NTI2ZjgzJTI1M0EweDQwMjg0MjM0NDYxNWExYzIlMjEyc0NhbGxlJTJCTHVpcyUyQmRlJTJCTWVkaW5hJTI1MkMlMkIxMiUyNTJDJTJCMjg4MDUlMkJBbGNhbCUyNUMzJTI1QTElMkJkZSUyQkhlbmFyZXMlMjUyQyUyQk1hZHJpZCUyMTVlMCUyMTNtMiUyMTFzZXMlMjEyc2VzJTIxNHYxNDU1NjE2Mzk1NDUwJTIyJTIwd2lkdGglM0QlMjI2MDAlMjIlMjBoZWlnaHQlM0QlMjI0NTAlMjIlMjBmcmFtZWJvcmRlciUzRCUyMjAlMjIlMjBzdHlsZSUzRCUyMmJvcmRlciUzQTAlMjIlMjBhbGxvd2Z1bGxzY3JlZW4lM0UlM0MlMkZpZnJhbWUlM0U=&#8221;][vc_column_text]<\/p>\n<p style=\"text-align: left; font-size: 22px; color: #a4214a;\"><strong>HOW TO ARRIVE<\/strong><\/p>\n<p>&nbsp;<\/p>\n<div class=\"col-md-12 localizaci\u00f3n\">\n<div class=\"\"><img decoding=\"async\" class=\"size-full wp-image-946 alignleft\" src=\"http:\/\/colegiolopedevega.com\/wp-content\/uploads\/2016\/02\/picto_andando.gif\" alt=\"picto_andando\" width=\"64\" height=\"64\" \/><\/div>\n<div class=\"col-md-9 txt-localizacion\">\n<p style=\"text-align: left; font-size: 15px;\">El Colegio est\u00e1 a 10 minutos andando desde el centro de la ciudad (Plaza de Cervantes).<\/p>\n<\/div>\n<\/div>\n<p>&nbsp;<\/p>\n<div class=\"col-md-12 localizaci\u00f3n\">\n<div class=\"\"><img decoding=\"async\" class=\"size-full wp-image-948 alignleft\" src=\"http:\/\/colegiolopedevega.com\/wp-content\/uploads\/2016\/02\/picto_cercanias.gif\" alt=\"picto_cercanias\" width=\"66\" height=\"66\" \/><\/div>\n<div class=\"col-md-9 txt-localizacion\">\n<p style=\"text-align: left; font-size: 15px;\">Ceran\u00edas RENFE: Estaci\u00f3n de Alcal\u00e1 de Henares. A 10 minutos andando hasta el Colegio.<\/p>\n<\/div>\n<\/div>\n<p>&nbsp;<\/p>\n<div class=\"col-md-12 localizacion\">\n<div class=\"\"><img decoding=\"async\" class=\"size-full wp-image-949 alignleft\" src=\"http:\/\/colegiolopedevega.com\/wp-content\/uploads\/2016\/02\/picto_coche.gif\" alt=\"picto_coche\" width=\"64\" height=\"64\" \/><\/div>\n<div class=\"col-md-9 txt-localizacion\">\n<p style=\"text-align: left; font-size: 15px;\">Por carretera: Por la A-2, salida 32, Meco-Universidad.<\/p>\n<\/div>\n<\/div>\n<p>&nbsp;<\/p>\n<div class=\"col-md-12 localizacion\">\n<div class=\"\"><img loading=\"lazy\" decoding=\"async\" class=\"size-full wp-image-947 alignleft\" src=\"http:\/\/colegiolopedevega.com\/wp-content\/uploads\/2016\/02\/picto_autobus.gif\" alt=\"picto_autobus\" width=\"64\" height=\"64\" \/><\/div>\n<div class=\"col-md-9 txt-localizacion\">\n<p style=\"text-align: left; font-size: 15px;\">Autobuses urbanos:<\/p>\n<ul style=\"margin-left: 40px;\">\n<li>L\u00edneas 1, 3, 5, 8 y 10, parada Avd. Caballer\u00eda Espa\u00f1ola.<\/li>\n<li>L\u00ednea 11, parada V\u00eda Complutense.<\/li>\n<li>L\u00edneas 2 y 3, parada C\/ Pedro Sarmiento de Gamboa.<\/li>\n<\/ul>\n<p style=\"text-align: left; font-size: 15px;\">Autobuses interurbanos:<\/p>\n<ul style=\"margin-left: 40px;\">\n<li>L\u00ednea 245 Azuqueca de Henares- Alcal\u00e1 de Henares.<\/li>\n<li>L\u00ednea 250 Meco-Alcal\u00e1 de Henares.<\/li>\n<li>Madrid. Continental Auto (Intercambiador &#8211; Avd. de Am\u00e9rica).<\/li>\n<\/ul>\n<\/div>\n<\/div>\n<p>[\/vc_column_text][\/vc_column][\/vc_row][vc_row][vc_column][vc_column_text]<\/p>\n<p>[\/vc_column_text][\/vc_column][\/vc_row]<\/p>\n<\/section>","protected":false},"excerpt":{"rendered":"<p>[vc_row][vc_column width=&#8221;1\/4&#8243;][vc_single_image image=&#8221;796&#8243; img_size=&#8221;full&#8221; css_animation=&#8221;appear&#8221;][\/vc_column][vc_column width=&#8221;3\/4&#8243;][vc_column_text] 12 Luis de Medina 28805 Alcal\u00e1 de Henares (Madrid) Telephone: 91 889 38 79 e-mail: familias@colegiolopedevega.com www.colegiolopedevega.com [\/vc_column_text][vc_gmaps link=&#8221;#E-8_JTNDaWZyYW1lJTIwc3JjJTNEJTIyaHR0cHMlM0ElMkYlMkZ3d3cuZ29vZ2xlLmNvbSUyRm1hcHMlMkZlbWJlZCUzRnBiJTNEJTIxMW0xOCUyMTFtMTIlMjExbTMlMjExZDQyOTEuMTgyNzk3NTM2MDIxJTIxMmQtMy4zNTg1NDQ0MDc2MjAxNTIlMjEzZDQwLjQ5MDIwNzgyNjM0MTQ1JTIxMm0zJTIxMWYwJTIxMmYwJTIxM2YwJTIxM20yJTIxMWkxMDI0JTIxMmk3NjglMjE0ZjEzLjElMjEzbTMlMjExbTIlMjExczB4ZDQyNDk0MjI1NTI2ZjgzJTI1M0EweDQwMjg0MjM0NDYxNWExYzIlMjEyc0NhbGxlJTJCTHVpcyUyQmRlJTJCTWVkaW5hJTI1MkMlMkIxMiUyNTJDJTJCMjg4MDUlMkJBbGNhbCUyNUMzJTI1QTElMkJkZSUyQkhlbmFyZXMlMjUyQyUyQk1hZHJpZCUyMTVlMCUyMTNtMiUyMTFzZXMlMjEyc2VzJTIxNHYxNDU1NjE2Mzk1NDUwJTIyJTIwd2lkdGglM0QlMjI2MDAlMjIlMjBoZWlnaHQlM0QlMjI0NTAlMjIlMjBmcmFtZWJvcmRlciUzRCUyMjAlMjIlMjBzdHlsZSUzRCUyMmJvcmRlciUzQTAlMjIlMjBhbGxvd2Z1bGxzY3JlZW4lM0UlM0MlMkZpZnJhbWUlM0U=&#8221;][vc_column_text] HOW TO ARRIVE &nbsp; El Colegio est\u00e1 a 10 minutos andando desde el centro de la ciudad (Plaza de Cervantes). &nbsp; Ceran\u00edas RENFE: Estaci\u00f3n de Alcal\u00e1 de Henares. A 10 [&hellip;]<\/p>\n","protected":false},"author":1,"featured_media":0,"parent":0,"menu_order":0,"comment_status":"closed","ping_status":"closed","template":"","meta":{"_bbp_topic_count":0,"_bbp_reply_count":0,"_bbp_total_topic_count":0,"_bbp_total_reply_count":0,"_bbp_voice_count":0,"_bbp_anonymous_reply_count":0,"_bbp_topic_count_hidden":0,"_bbp_reply_count_hidden":0,"_bbp_forum_subforum_count":0,"footnotes":""},"class_list":["post-2925","page","type-page","status-publish","hentry"],"_links":{"self":[{"href":"https:\/\/colegiolopedevega.com\/en\/wp-json\/wp\/v2\/pages\/2925","targetHints":{"allow":["GET"]}}],"collection":[{"href":"https:\/\/colegiolopedevega.com\/en\/wp-json\/wp\/v2\/pages"}],"about":[{"href":"https:\/\/colegiolopedevega.com\/en\/wp-json\/wp\/v2\/types\/page"}],"author":[{"embeddable":true,"href":"https:\/\/colegiolopedevega.com\/en\/wp-json\/wp\/v2\/users\/1"}],"replies":[{"embeddable":true,"href":"https:\/\/colegiolopedevega.com\/en\/wp-json\/wp\/v2\/comments?post=2925"}],"version-history":[{"count":4,"href":"https:\/\/colegiolopedevega.com\/en\/wp-json\/wp\/v2\/pages\/2925\/revisions"}],"predecessor-version":[{"id":2935,"href":"https:\/\/colegiolopedevega.com\/en\/wp-json\/wp\/v2\/pages\/2925\/revisions\/2935"}],"wp:attachment":[{"href":"https:\/\/colegiolopedevega.com\/en\/wp-json\/wp\/v2\/media?parent=2925"}],"curies":[{"name":"wp","href":"https:\/\/api.w.org\/{rel}","templated":true}]}}