{"id":2787,"date":"2018-06-19T12:36:53","date_gmt":"2018-06-19T12:36:53","guid":{"rendered":"https:\/\/colegiolopedevega.com\/aviso-legal\/"},"modified":"2018-06-19T12:39:18","modified_gmt":"2018-06-19T12:39:18","slug":"legal-warning","status":"publish","type":"page","link":"https:\/\/colegiolopedevega.com\/en\/legal-warning\/","title":{"rendered":"Legal warning"},"content":{"rendered":"<section class=\"wpb-content-wrapper\"><p>[vc_row][vc_column][vc_column_text]<span style=\"color: #a4214a;\"><strong>AVISO LEGAL<\/strong><\/span><\/p>\n<p>En cumplimiento del Art.10 de la Ley 34\/2002, de 11 de julio, de servicios de la sociedad de la informaci\u00f3n y de comercio electr\u00f3nico les informamos:<\/p>\n<p>COLEGIO LOPE DE VEGA \u2013 PROLOVE, S.A. es una empresa cuya actividad es la ense\u00f1anza en sus distintos grados y especialidades: Educaci\u00f3n Infantil, Educaci\u00f3n Primaria, Educaci\u00f3n Secundaria y Bachillerato<\/p>\n<p>El sitio web www.colegiolopedevega.com, es un dominio en Internet propiedad de COLEGIO LOPE DE VEGA \u2013 PROLOVE, S.A.. (en adelante PROLOVE) con C.I.F. A80249782, e inscrita en el Registro Mercantil de Madrid con n\u00famero de protocolo 265 Tomo 2486, Folio 15 y Hoja n\u00ba 43470, y con el que se puede poner en contacto a trav\u00e9s del correo electr\u00f3nico: protecciondatos@colegiolopedevega.com, y del tel\u00e9fono 91 889 20 21. El portal y los contenidos en \u00e9l publicados son de libre acceso y no conllevan cargo alguno por parte de PROLOVE.<\/p>\n<p><span style=\"color: #a4214a;\"><strong>USO DEL PORTAL Y ACEPTACI\u00d3N<\/strong><\/span><\/p>\n<p>El acceso y la utilizaci\u00f3n del Portal y de cualquiera de los servicios del mismo, atribuye la condici\u00f3n de usuario y la aceptaci\u00f3n sin reservas de ninguna clase, de todas y cada una de las presentes condiciones generales as\u00ed como aquellas otras particulares que, en su caso, rijan la utilizaci\u00f3n del Portal o de los servicios vinculados al mismo.<\/p>\n<p>Si el usuario decide no aceptar total o parcialmente las presentes condiciones deber\u00e1 abstenerse de acceder al Portal y usar sus contenidos o servicios.<\/p>\n<p>El contenido del presente Aviso Legal puede sufrir modificaciones, por lo que su aceptaci\u00f3n por parte del usuario, ser\u00e1 respecto del Aviso existente en el momento en que el usuario accede al Portal.<\/p>\n<p>Asimismo, el acceso al Portal www.colegiolopedevega.com se encuentra sometido a todos los avisos, condiciones de uso e instrucciones, que en cada momento se pongan en conocimiento del usuario y complementen, sustituyan o modifiquen el presente Aviso Legal.<\/p>\n<p><span style=\"color: #a4214a;\"><strong>CONDICIONES DEL PORTAL<\/strong><\/span><\/p>\n<p>Por el simple acceso al Portal o a cualquiera de sus servicios o contenidos ofrecidos, el usuario se obliga a utilizarlos de forma diligente y correcta, de acuerdo con las presentes condiciones y de conformidad con la ley, la moral y el orden p\u00fablico, y asume, entre otras, las siguientes obligaciones:<\/p>\n<p>&#8211; No utilizar los contenidos o informaci\u00f3n obtenida a trav\u00e9s del Portal para remitir publicidad, enviar mensajes con fines de venta o con cualquier otro fin comercial, o para recoger o almacenar datos personales.<\/p>\n<p>&#8211; No suprimir los signos identificativos PROLOVE<\/p>\n<p>&#8211; No manipular la informaci\u00f3n obtenida a trav\u00e9s de este Portal.<\/p>\n<p>&#8211; No utilizar los recursos dispuestos para la explotaci\u00f3n no autorizada de los contenidos o Servicios del Portal.<\/p>\n<p>&#8211; Abstenerse de llevar a cabo actuaciones que, de cualquier forma, puedan da\u00f1ar, inutilizar, sobrecargar o deteriorar el Portal, los equipos, sistemas, redes, programas, datos o informaciones, o impedir la normal utilizaci\u00f3n o disfrute del Portal o de los servicios en el ofrecidos.<\/p>\n<p>&#8211; Responder de los da\u00f1os y perjuicios que pudiera sufrir PROLOVE, y\/o terceros en general, como consecuencia del incumplimiento de las presentes condiciones o de las particulares que fueran de aplicaci\u00f3n a los servicios ofrecidos en este Portal, oblig\u00e1ndose ante cualquier reclamaci\u00f3n, demanda o sanci\u00f3n que pudiera ser formulada o impuesta como consecuencia directa o indirecta del mencionado incumplimiento.<\/p>\n<p>Con car\u00e1cter general, el acceso a la informaci\u00f3n del Portal no exige registro previo de usuario. No obstante, el acceso a alguno de los servicios que se ofrecen a trav\u00e9s del Portal puede estar condicionado a la previa cumplimentaci\u00f3n de un formulario de registro. A estos efectos el usuario garantiza la autenticidad y veracidad de todos aquellos datos personales que comunique al cumplimentar el formulario de registro. El usuario se compromete y responsabiliza del mantenimiento veraz y actual de dicha informaci\u00f3n. El tratamiento de los datos de car\u00e1cter personal suministrados por el usuario se realizar\u00e1 por PROLOVE conforme a la Pol\u00edtica de Privacidad publicada en este Portal.<\/p>\n<p><span style=\"color: #a4214a;\"><strong>PROPIEDAD INTELECTUAL E INDUSTRIAL<\/strong><\/span><\/p>\n<p>El usuario reconoce y acepta la titularidad de PROLOVE sobre todas las marcas, nombres comerciales, signos distintivos, servicios, contenidos e informaciones que aparecen en este Portal, y se abstendr\u00e1 de utilizarlos sin la autorizaci\u00f3n expresa y por escrito de PROLOVE. A t\u00edtulo enunciativo, sin que esta enumeraci\u00f3n tenga car\u00e1cter limitativo, la p\u00e1gina en s\u00ed, la informaci\u00f3n y materiales incluidos en el mismo, la estructura, textos, software, mensajes, archivos de sonido y\/o imagen, fotograf\u00edas, bases de datos, signos distintivos, logos, nombres de domino y, en general, cualquier clase de creaci\u00f3n o material accesible a trav\u00e9s del Portal.<\/p>\n<p>El usuario se abstiene de obtener contenidos o informaci\u00f3n por medios distintos a los dispuestos a tal fin, y reconoce y acepta los derechos de propiedad intelectual que se obliga a respetar.<\/p>\n<p>Salvo autorizaci\u00f3n expresa de PROLOVE, el usuario no podr\u00e1 reproducir, transformar, modificar, distribuir, alquilar, prestar, exhibir, transmitir, retransmitir, digitalizar, traducir, adaptar o poner a disposici\u00f3n, ning\u00fan elemento de este Portal.<\/p>\n<p><span style=\"color: #a4214a;\"><strong>RESPONSABILIDADES Y GARANT\u00cdAS<\/strong><\/span><\/p>\n<p>PROLOVE ha dispuesto los medios necesarios para garantizar la disponibilidad y continuidad del Portal, as\u00ed como de los servicios en \u00e9l ofrecidos. No obstante no puede garantizar el correcto funcionamiento en todo momento, que el usuario pueda acceder a ellos de forma ininterrumpida y libre de errores, por lo que queda excluida toda responsabilidad.<\/p>\n<p>PROLOVE actuar\u00e1 diligentemente ante la detecci\u00f3n de virus, c\u00f3digo malicioso, elementos que puedan alterar el correcto funcionamiento del Portal y los servicios en el ofrecidos, pero no puede garantizar la ausencia de dichos elementos, y declina toda responsabilidad por los da\u00f1os y perjuicios que ello pueda ocasionar.<\/p>\n<p>Este Portal no recoge ni almacena datos personales de sus visitantes, \u00fanicamente el n\u00famero visitas y el volumen de tr\u00e1fico existente con car\u00e1cter estad\u00edstico y a fin de mejorar su accesibilidad.<\/p>\n<p>Esta pol\u00edtica de privacidad s\u00f3lo es aplicable a la web www.colegiolopedevega.com, y no se garantiza en los accesos a trav\u00e9s de enlaces con este sitio, ni a los enlaces desde este sitio con otras webs.<\/p>\n<p><span style=\"color: #a4214a;\"><strong>PROTECCI\u00d3N DE DATOS PERSONALES<\/strong><\/span><\/p>\n<p>PROLOVE tratar\u00e1 los datos personales aportados seg\u00fan lo dispuesto en la pol\u00edtica de privacidad contenida en este Portal.<\/p>\n<p><span style=\"color: #a4214a;\"><strong>LEGISLACI\u00d3N Y JURISDICCI\u00d3N<\/strong><\/span><\/p>\n<p>La Legislaci\u00f3n aplicable al presente Aviso Legal ser\u00e1 la legislaci\u00f3n espa\u00f1ola, y se someten a la Jurisdicci\u00f3n de los Juzgados y Tribunales de Madrid, con renuncia al fuero que pueda corresponderles.[\/vc_column_text][\/vc_column][\/vc_row]<\/p>\n<\/section>","protected":false},"excerpt":{"rendered":"<p>[vc_row][vc_column][vc_column_text]AVISO LEGAL En cumplimiento del Art.10 de la Ley 34\/2002, de 11 de julio, de servicios de la sociedad de la informaci\u00f3n y de comercio electr\u00f3nico les informamos: COLEGIO LOPE DE VEGA \u2013 PROLOVE, S.A. es una empresa cuya actividad es la ense\u00f1anza en sus distintos grados y especialidades: Educaci\u00f3n Infantil, Educaci\u00f3n Primaria, Educaci\u00f3n Secundaria [&hellip;]<\/p>\n","protected":false},"author":1,"featured_media":0,"parent":0,"menu_order":0,"comment_status":"closed","ping_status":"closed","template":"","meta":{"_bbp_topic_count":0,"_bbp_reply_count":0,"_bbp_total_topic_count":0,"_bbp_total_reply_count":0,"_bbp_voice_count":0,"_bbp_anonymous_reply_count":0,"_bbp_topic_count_hidden":0,"_bbp_reply_count_hidden":0,"_bbp_forum_subforum_count":0,"footnotes":""},"class_list":["post-2787","page","type-page","status-publish","hentry"],"_links":{"self":[{"href":"https:\/\/colegiolopedevega.com\/en\/wp-json\/wp\/v2\/pages\/2787","targetHints":{"allow":["GET"]}}],"collection":[{"href":"https:\/\/colegiolopedevega.com\/en\/wp-json\/wp\/v2\/pages"}],"about":[{"href":"https:\/\/colegiolopedevega.com\/en\/wp-json\/wp\/v2\/types\/page"}],"author":[{"embeddable":true,"href":"https:\/\/colegiolopedevega.com\/en\/wp-json\/wp\/v2\/users\/1"}],"replies":[{"embeddable":true,"href":"https:\/\/colegiolopedevega.com\/en\/wp-json\/wp\/v2\/comments?post=2787"}],"version-history":[{"count":1,"href":"https:\/\/colegiolopedevega.com\/en\/wp-json\/wp\/v2\/pages\/2787\/revisions"}],"predecessor-version":[{"id":2788,"href":"https:\/\/colegiolopedevega.com\/en\/wp-json\/wp\/v2\/pages\/2787\/revisions\/2788"}],"wp:attachment":[{"href":"https:\/\/colegiolopedevega.com\/en\/wp-json\/wp\/v2\/media?parent=2787"}],"curies":[{"name":"wp","href":"https:\/\/api.w.org\/{rel}","templated":true}]}}